{"id":15,"date":"2023-05-17T22:02:18","date_gmt":"2023-05-17T22:02:18","guid":{"rendered":"https:\/\/www.ebcev.org\/?page_id=15"},"modified":"2023-05-17T22:06:04","modified_gmt":"2023-05-17T22:06:04","slug":"der-bosselsport","status":"publish","type":"page","link":"https:\/\/www.ebcev.org\/","title":{"rendered":"Der Bo\u00dfelsport"},"content":{"rendered":"\n<p class=\"has-medium-font-size\" style=\"margin-top:0;margin-right:0;margin-bottom:0;margin-left:0;padding-top:0;padding-right:0;padding-bottom:0;padding-left:0\">Das Ziel des Bo\u00dfelns ist es, eine festgelegte Strecke mit m\u00f6glichst wenigen W\u00fcrfen zu bew\u00e4ltigen.<br>Mindestens zwei Gruppen, mit jeweils zwei bis sechs Werfern, messen sich dabei im sportlichen Wettstreit.<br>Der Anwurf erfolgt an einem gew\u00e4hlten Startpunkt durch den ersten Spieler der Mannschaft A.<br>Danach wirft der erste Spieler der Mannschaft B.<br>Der Bo\u00dfler versucht beim Wurf die gr\u00f6\u00dftm\u00f6gliche Weite zu erzielen.<br>Der Wurf ist beendet, wenn die Bo\u00dfelkugel ruhig liegen bleibt.<br>Der Anschlusswurf erfolgt von diesem Punkt.<br>Es wirft immer die Mannschaft zuerst, deren Kugel zur\u00fcckliegt.<\/p>\n\n\n\n<p><\/p>\n","protected":false},"excerpt":{"rendered":"<p>Das Ziel des Bo\u00dfelns ist es, eine festgelegte Strecke mit m\u00f6glichst wenigen W\u00fcrfen zu bew\u00e4ltigen.Mindestens zwei Gruppen, mit jeweils zwei bis sechs Werfern, messen sich dabei im sportlichen Wettstreit.Der Anwurf erfolgt an einem gew\u00e4hlten Startpunkt durch den ersten Spieler der Mannschaft A.Danach wirft der erste Spieler der Mannschaft B.Der Bo\u00dfler versucht beim Wurf die gr\u00f6\u00dftm\u00f6gliche [&hellip;]<\/p>\n","protected":false},"author":2,"featured_media":0,"parent":0,"menu_order":0,"comment_status":"closed","ping_status":"closed","template":"","meta":{"footnotes":""},"class_list":["post-15","page","type-page","status-publish","hentry"],"yoast_head":"<!-- This site is optimized with the Yoast SEO plugin v27.5 - https:\/\/yoast.com\/product\/yoast-seo-wordpress\/ -->\n<title>Der Bo\u00dfelsport - 1. EBC e.V.<\/title>\n<meta name=\"robots\" content=\"index, follow, max-snippet:-1, max-image-preview:large, max-video-preview:-1\" \/>\n<link rel=\"canonical\" href=\"https:\/\/www.ebcev.org\/\" \/>\n<meta property=\"og:locale\" content=\"de_DE\" \/>\n<meta property=\"og:type\" content=\"article\" \/>\n<meta property=\"og:title\" content=\"Der Bo\u00dfelsport - 1. EBC e.V.\" \/>\n<meta property=\"og:description\" content=\"Das Ziel des Bo\u00dfelns ist es, eine festgelegte Strecke mit m\u00f6glichst wenigen W\u00fcrfen zu bew\u00e4ltigen.Mindestens zwei Gruppen, mit jeweils zwei bis sechs Werfern, messen sich dabei im sportlichen Wettstreit.Der Anwurf erfolgt an einem gew\u00e4hlten Startpunkt durch den ersten Spieler der Mannschaft A.Danach wirft der erste Spieler der Mannschaft B.Der Bo\u00dfler versucht beim Wurf die gr\u00f6\u00dftm\u00f6gliche [&hellip;]\" \/>\n<meta property=\"og:url\" content=\"https:\/\/www.ebcev.org\/\" \/>\n<meta property=\"og:site_name\" content=\"1. EBC e.V.\" \/>\n<meta property=\"article:modified_time\" content=\"2023-05-17T22:06:04+00:00\" \/>\n<meta name=\"twitter:card\" content=\"summary_large_image\" \/>\n<meta name=\"twitter:label1\" content=\"Gesch\u00e4tzte Lesezeit\" \/>\n\t<meta name=\"twitter:data1\" content=\"1\u00a0Minute\" \/>\n<script type=\"application\/ld+json\" class=\"yoast-schema-graph\">{\"@context\":\"https:\\\/\\\/schema.org\",\"@graph\":[{\"@type\":\"WebPage\",\"@id\":\"https:\\\/\\\/www.ebcev.org\\\/\",\"url\":\"https:\\\/\\\/www.ebcev.org\\\/\",\"name\":\"Der Bo\u00dfelsport - 1. EBC e.V.\",\"isPartOf\":{\"@id\":\"https:\\\/\\\/www.ebcev.org\\\/#website\"},\"datePublished\":\"2023-05-17T22:02:18+00:00\",\"dateModified\":\"2023-05-17T22:06:04+00:00\",\"breadcrumb\":{\"@id\":\"https:\\\/\\\/www.ebcev.org\\\/#breadcrumb\"},\"inLanguage\":\"de\",\"potentialAction\":[{\"@type\":\"ReadAction\",\"target\":[\"https:\\\/\\\/www.ebcev.org\\\/\"]}]},{\"@type\":\"BreadcrumbList\",\"@id\":\"https:\\\/\\\/www.ebcev.org\\\/#breadcrumb\",\"itemListElement\":[{\"@type\":\"ListItem\",\"position\":1,\"name\":\"Startseite\",\"item\":\"https:\\\/\\\/www.ebcev.org\\\/\"},{\"@type\":\"ListItem\",\"position\":2,\"name\":\"Der Bo\u00dfelsport\"}]},{\"@type\":\"WebSite\",\"@id\":\"https:\\\/\\\/www.ebcev.org\\\/#website\",\"url\":\"https:\\\/\\\/www.ebcev.org\\\/\",\"name\":\"1. EBC e.V.\",\"description\":\"Der Webauftritt des EBC\",\"publisher\":{\"@id\":\"https:\\\/\\\/www.ebcev.org\\\/#organization\"},\"potentialAction\":[{\"@type\":\"SearchAction\",\"target\":{\"@type\":\"EntryPoint\",\"urlTemplate\":\"https:\\\/\\\/www.ebcev.org\\\/?s={search_term_string}\"},\"query-input\":{\"@type\":\"PropertyValueSpecification\",\"valueRequired\":true,\"valueName\":\"search_term_string\"}}],\"inLanguage\":\"de\"},{\"@type\":\"Organization\",\"@id\":\"https:\\\/\\\/www.ebcev.org\\\/#organization\",\"name\":\"1. EBC e.V.\",\"url\":\"https:\\\/\\\/www.ebcev.org\\\/\",\"logo\":{\"@type\":\"ImageObject\",\"inLanguage\":\"de\",\"@id\":\"https:\\\/\\\/www.ebcev.org\\\/#\\\/schema\\\/logo\\\/image\\\/\",\"url\":\"https:\\\/\\\/www.ebcev.org\\\/wp-content\\\/uploads\\\/2023\\\/05\\\/EBC-Logo.jpg\",\"contentUrl\":\"https:\\\/\\\/www.ebcev.org\\\/wp-content\\\/uploads\\\/2023\\\/05\\\/EBC-Logo.jpg\",\"width\":1600,\"height\":589,\"caption\":\"1. EBC e.V.\"},\"image\":{\"@id\":\"https:\\\/\\\/www.ebcev.org\\\/#\\\/schema\\\/logo\\\/image\\\/\"}}]}<\/script>\n<!-- \/ Yoast SEO plugin. -->","yoast_head_json":{"title":"Der Bo\u00dfelsport - 1. EBC e.V.","robots":{"index":"index","follow":"follow","max-snippet":"max-snippet:-1","max-image-preview":"max-image-preview:large","max-video-preview":"max-video-preview:-1"},"canonical":"https:\/\/www.ebcev.org\/","og_locale":"de_DE","og_type":"article","og_title":"Der Bo\u00dfelsport - 1. EBC e.V.","og_description":"Das Ziel des Bo\u00dfelns ist es, eine festgelegte Strecke mit m\u00f6glichst wenigen W\u00fcrfen zu bew\u00e4ltigen.Mindestens zwei Gruppen, mit jeweils zwei bis sechs Werfern, messen sich dabei im sportlichen Wettstreit.Der Anwurf erfolgt an einem gew\u00e4hlten Startpunkt durch den ersten Spieler der Mannschaft A.Danach wirft der erste Spieler der Mannschaft B.Der Bo\u00dfler versucht beim Wurf die gr\u00f6\u00dftm\u00f6gliche [&hellip;]","og_url":"https:\/\/www.ebcev.org\/","og_site_name":"1. EBC e.V.","article_modified_time":"2023-05-17T22:06:04+00:00","twitter_card":"summary_large_image","twitter_misc":{"Gesch\u00e4tzte Lesezeit":"1\u00a0Minute"},"schema":{"@context":"https:\/\/schema.org","@graph":[{"@type":"WebPage","@id":"https:\/\/www.ebcev.org\/","url":"https:\/\/www.ebcev.org\/","name":"Der Bo\u00dfelsport - 1. EBC e.V.","isPartOf":{"@id":"https:\/\/www.ebcev.org\/#website"},"datePublished":"2023-05-17T22:02:18+00:00","dateModified":"2023-05-17T22:06:04+00:00","breadcrumb":{"@id":"https:\/\/www.ebcev.org\/#breadcrumb"},"inLanguage":"de","potentialAction":[{"@type":"ReadAction","target":["https:\/\/www.ebcev.org\/"]}]},{"@type":"BreadcrumbList","@id":"https:\/\/www.ebcev.org\/#breadcrumb","itemListElement":[{"@type":"ListItem","position":1,"name":"Startseite","item":"https:\/\/www.ebcev.org\/"},{"@type":"ListItem","position":2,"name":"Der Bo\u00dfelsport"}]},{"@type":"WebSite","@id":"https:\/\/www.ebcev.org\/#website","url":"https:\/\/www.ebcev.org\/","name":"1. EBC e.V.","description":"Der Webauftritt des EBC","publisher":{"@id":"https:\/\/www.ebcev.org\/#organization"},"potentialAction":[{"@type":"SearchAction","target":{"@type":"EntryPoint","urlTemplate":"https:\/\/www.ebcev.org\/?s={search_term_string}"},"query-input":{"@type":"PropertyValueSpecification","valueRequired":true,"valueName":"search_term_string"}}],"inLanguage":"de"},{"@type":"Organization","@id":"https:\/\/www.ebcev.org\/#organization","name":"1. EBC e.V.","url":"https:\/\/www.ebcev.org\/","logo":{"@type":"ImageObject","inLanguage":"de","@id":"https:\/\/www.ebcev.org\/#\/schema\/logo\/image\/","url":"https:\/\/www.ebcev.org\/wp-content\/uploads\/2023\/05\/EBC-Logo.jpg","contentUrl":"https:\/\/www.ebcev.org\/wp-content\/uploads\/2023\/05\/EBC-Logo.jpg","width":1600,"height":589,"caption":"1. EBC e.V."},"image":{"@id":"https:\/\/www.ebcev.org\/#\/schema\/logo\/image\/"}}]}},"_links":{"self":[{"href":"https:\/\/www.ebcev.org\/index.php\/wp-json\/wp\/v2\/pages\/15","targetHints":{"allow":["GET"]}}],"collection":[{"href":"https:\/\/www.ebcev.org\/index.php\/wp-json\/wp\/v2\/pages"}],"about":[{"href":"https:\/\/www.ebcev.org\/index.php\/wp-json\/wp\/v2\/types\/page"}],"author":[{"embeddable":true,"href":"https:\/\/www.ebcev.org\/index.php\/wp-json\/wp\/v2\/users\/2"}],"replies":[{"embeddable":true,"href":"https:\/\/www.ebcev.org\/index.php\/wp-json\/wp\/v2\/comments?post=15"}],"version-history":[{"count":4,"href":"https:\/\/www.ebcev.org\/index.php\/wp-json\/wp\/v2\/pages\/15\/revisions"}],"predecessor-version":[{"id":20,"href":"https:\/\/www.ebcev.org\/index.php\/wp-json\/wp\/v2\/pages\/15\/revisions\/20"}],"wp:attachment":[{"href":"https:\/\/www.ebcev.org\/index.php\/wp-json\/wp\/v2\/media?parent=15"}],"curies":[{"name":"wp","href":"https:\/\/api.w.org\/{rel}","templated":true}]}}